{"id":3217,"date":"2020-12-10T16:45:00","date_gmt":"2020-12-10T15:45:00","guid":{"rendered":"https:\/\/www.atn-ra.de\/kanzlei\/veroeffentlichungen\/"},"modified":"2021-06-02T13:24:30","modified_gmt":"2021-06-02T11:24:30","slug":"publicaciones","status":"publish","type":"page","link":"https:\/\/www.atn-ra.de\/es\/bufete\/publicaciones\/","title":{"rendered":"Publicaciones"},"content":{"rendered":"<div id='av_section_1'  class='avia-section av-2ill3-20ae2f606992b667d3cf788edcbcab5b main_color avia-section-default avia-no-border-styling  avia-builder-el-0  el_before_av_section  avia-builder-el-first  pixel-headlinemarker avia-bg-style-scroll container_wrap fullsize'  ><div class='container av-section-cont-open' ><main  role=\"main\" itemprop=\"mainContentOfPage\"  class='template-page content  av-content-full alpha units'><div class='post-entry post-entry-type-page post-entry-3217'><div class='entry-content-wrapper clearfix'>\n\n<style type=\"text\/css\" data-created_by=\"avia_inline_auto\" id=\"style-css-av-1x0qf-738ec44cc25376b0d053725fd8cf74fc\">\n.flex_column.av-1x0qf-738ec44cc25376b0d053725fd8cf74fc{\nborder-radius:0px 0px 0px 0px;\npadding:0px 0px 0px 0px;\n}\n<\/style>\n<div  class='flex_column av-1x0qf-738ec44cc25376b0d053725fd8cf74fc av_one_full  avia-builder-el-1  el_before_av_one_half  avia-builder-el-first  first flex_column_div av-zero-column-padding  '     ><section  class='av_textblock_section av-kiha3o9t-81230b6e8102c4527a37967b9c8b318f '   itemscope=\"itemscope\" itemtype=\"https:\/\/schema.org\/CreativeWork\" ><div class='avia_textblock'  itemprop=\"text\" ><h1>Publicaciones<\/h1>\n<\/div><\/section><br \/>\n<section  class='av_textblock_section av-kiha3o9t-81230b6e8102c4527a37967b9c8b318f '   itemscope=\"itemscope\" itemtype=\"https:\/\/schema.org\/CreativeWork\" ><div class='avia_textblock'  itemprop=\"text\" ><p><span class=\"subtitle\">ATN en revistas especializadas y en los medios de comunicaci\u00f3n<\/span><\/p>\n<\/div><\/section><\/p><\/div>\n<style type=\"text\/css\" data-created_by=\"avia_inline_auto\" id=\"style-css-av-157yn-ff7fae9ceb748007fa4c0a3893e73e92\">\n.flex_column.av-157yn-ff7fae9ceb748007fa4c0a3893e73e92{\nborder-radius:0px 0px 0px 0px;\npadding:0px 0px 0px 0px;\n}\n<\/style>\n<div  class='flex_column av-157yn-ff7fae9ceb748007fa4c0a3893e73e92 av_one_half  avia-builder-el-4  el_after_av_one_full  el_before_av_one_half  first flex_column_div av-zero-column-padding  column-top-margin'     ><section  class='av_textblock_section av-kiha3o9t-81230b6e8102c4527a37967b9c8b318f '   itemscope=\"itemscope\" itemtype=\"https:\/\/schema.org\/CreativeWork\" ><div class='avia_textblock'  itemprop=\"text\" ><p>Tanto si se trata de un comentario sobre una sentencia como de una entrevista a un experto en el peri\u00f3dico, nuestros abogados especializados ya han participado en numerosos medios de comunicaci\u00f3n o han escrito art\u00edculos especializados. Aqu\u00ed encontrar\u00e1 un resumen de todas las publicaciones.<\/p>\n<\/div><\/section><\/div>\n<style type=\"text\/css\" data-created_by=\"avia_inline_auto\" id=\"style-css-av-157yn-fb8b17be8ea153bbeb90b6d2b6faf74c\">\n.flex_column.av-157yn-fb8b17be8ea153bbeb90b6d2b6faf74c{\nborder-radius:0px 0px 0px 0px;\npadding:0px 0px 0px 0px;\n}\n<\/style>\n<div  class='flex_column av-157yn-fb8b17be8ea153bbeb90b6d2b6faf74c av_one_half  avia-builder-el-6  el_after_av_one_half  avia-builder-el-last  flex_column_div av-zero-column-padding  column-top-margin'     ><section  class='av_textblock_section av-kiha3o9t-81230b6e8102c4527a37967b9c8b318f '   itemscope=\"itemscope\" itemtype=\"https:\/\/schema.org\/CreativeWork\" ><div class='avia_textblock'  itemprop=\"text\" ><p>Puede filtrarlos por tema o por autor. <strong>Tenga en cuenta que necesita el programa gratuito <a href=\"http:\/\/get.adobe.com\/reader\/\" target=\"_blank\" rel=\"noopener noreferrer\">Adobe Reader<\/a> para ver nuestras publicaciones.<\/strong><\/p>\n<\/div><\/section><\/div><\/div><\/div><\/main><!-- close content main element --><\/div><\/div><div id='av_section_2'  class='avia-section av-iov49-5da1b6c7524a06b4d7efe3a7241e0524 main_color avia-section-default avia-no-border-styling  avia-builder-el-8  el_after_av_section  avia-builder-el-last  avia-bg-style-scroll container_wrap fullsize'  ><div class='container av-section-cont-open' ><div class='template-page content  av-content-full alpha units'><div class='post-entry post-entry-type-page post-entry-3217'><div class='entry-content-wrapper clearfix'>\n\n<style type=\"text\/css\" data-created_by=\"avia_inline_auto\" id=\"style-css-av-1bppt-93f0fad4bd0c4455586ab860069fce76\">\n.flex_column.av-1bppt-93f0fad4bd0c4455586ab860069fce76{\nborder-radius:0px 0px 0px 0px;\npadding:0px 0px 0px 0px;\n}\n<\/style>\n<div  class='flex_column av-1bppt-93f0fad4bd0c4455586ab860069fce76 av_one_full  avia-builder-el-9  avia-builder-el-no-sibling  first flex_column_div av-zero-column-padding  '     ><\/div><\/p>\n","protected":false},"excerpt":{"rendered":"","protected":false},"author":1,"featured_media":0,"parent":2918,"menu_order":1,"comment_status":"closed","ping_status":"closed","template":"","meta":{"_acf_changed":false,"footnotes":""},"class_list":["post-3217","page","type-page","status-publish","hentry"],"acf":[],"yoast_head":"<!-- This site is optimized with the Yoast SEO plugin v27.4 - https:\/\/yoast.com\/product\/yoast-seo-wordpress\/ -->\n<title>Publicaciones - ATN Rechtsanw\u00e4lte<\/title>\n<meta name=\"robots\" content=\"index, follow, max-snippet:-1, max-image-preview:large, max-video-preview:-1\" \/>\n<link rel=\"canonical\" href=\"https:\/\/www.atn-ra.de\/es\/bufete\/publicaciones\/\" \/>\n<meta property=\"og:locale\" content=\"es_ES\" \/>\n<meta property=\"og:type\" content=\"article\" \/>\n<meta property=\"og:title\" content=\"Publicaciones - ATN Rechtsanw\u00e4lte\" \/>\n<meta property=\"og:url\" content=\"https:\/\/www.atn-ra.de\/es\/bufete\/publicaciones\/\" \/>\n<meta property=\"og:site_name\" content=\"ATN Rechtsanw\u00e4lte\" \/>\n<meta property=\"article:modified_time\" content=\"2021-06-02T11:24:30+00:00\" \/>\n<meta name=\"twitter:card\" content=\"summary_large_image\" \/>\n<meta name=\"twitter:label1\" content=\"Tiempo de lectura\" \/>\n\t<meta name=\"twitter:data1\" content=\"5 minutos\" \/>\n<script type=\"application\/ld+json\" class=\"yoast-schema-graph\">{\"@context\":\"https:\\\/\\\/schema.org\",\"@graph\":[{\"@type\":\"WebPage\",\"@id\":\"https:\\\/\\\/www.atn-ra.de\\\/es\\\/bufete\\\/publicaciones\\\/\",\"url\":\"https:\\\/\\\/www.atn-ra.de\\\/es\\\/bufete\\\/publicaciones\\\/\",\"name\":\"Publicaciones - ATN Rechtsanw\u00e4lte\",\"isPartOf\":{\"@id\":\"https:\\\/\\\/www.atn-ra.de\\\/es\\\/#website\"},\"datePublished\":\"2020-12-10T15:45:00+00:00\",\"dateModified\":\"2021-06-02T11:24:30+00:00\",\"breadcrumb\":{\"@id\":\"https:\\\/\\\/www.atn-ra.de\\\/es\\\/bufete\\\/publicaciones\\\/#breadcrumb\"},\"inLanguage\":\"es\",\"potentialAction\":[{\"@type\":\"ReadAction\",\"target\":[\"https:\\\/\\\/www.atn-ra.de\\\/es\\\/bufete\\\/publicaciones\\\/\"]}]},{\"@type\":\"BreadcrumbList\",\"@id\":\"https:\\\/\\\/www.atn-ra.de\\\/es\\\/bufete\\\/publicaciones\\\/#breadcrumb\",\"itemListElement\":[{\"@type\":\"ListItem\",\"position\":1,\"name\":\"Startseite\",\"item\":\"https:\\\/\\\/www.atn-ra.de\\\/es\\\/\"},{\"@type\":\"ListItem\",\"position\":2,\"name\":\"Bufete\",\"item\":\"https:\\\/\\\/www.atn-ra.de\\\/es\\\/bufete\\\/\"},{\"@type\":\"ListItem\",\"position\":3,\"name\":\"Publicaciones\"}]},{\"@type\":\"WebSite\",\"@id\":\"https:\\\/\\\/www.atn-ra.de\\\/es\\\/#website\",\"url\":\"https:\\\/\\\/www.atn-ra.de\\\/es\\\/\",\"name\":\"ATN Rechtsanw\u00e4lte\",\"description\":\"Wuppertal | Solingen | Remscheid | Ratingen\",\"potentialAction\":[{\"@type\":\"SearchAction\",\"target\":{\"@type\":\"EntryPoint\",\"urlTemplate\":\"https:\\\/\\\/www.atn-ra.de\\\/es\\\/?s={search_term_string}\"},\"query-input\":{\"@type\":\"PropertyValueSpecification\",\"valueRequired\":true,\"valueName\":\"search_term_string\"}}],\"inLanguage\":\"es\"}]}<\/script>\n<!-- \/ Yoast SEO plugin. -->","yoast_head_json":{"title":"Publicaciones - ATN Rechtsanw\u00e4lte","robots":{"index":"index","follow":"follow","max-snippet":"max-snippet:-1","max-image-preview":"max-image-preview:large","max-video-preview":"max-video-preview:-1"},"canonical":"https:\/\/www.atn-ra.de\/es\/bufete\/publicaciones\/","og_locale":"es_ES","og_type":"article","og_title":"Publicaciones - ATN Rechtsanw\u00e4lte","og_url":"https:\/\/www.atn-ra.de\/es\/bufete\/publicaciones\/","og_site_name":"ATN Rechtsanw\u00e4lte","article_modified_time":"2021-06-02T11:24:30+00:00","twitter_card":"summary_large_image","twitter_misc":{"Tiempo de lectura":"5 minutos"},"schema":{"@context":"https:\/\/schema.org","@graph":[{"@type":"WebPage","@id":"https:\/\/www.atn-ra.de\/es\/bufete\/publicaciones\/","url":"https:\/\/www.atn-ra.de\/es\/bufete\/publicaciones\/","name":"Publicaciones - ATN Rechtsanw\u00e4lte","isPartOf":{"@id":"https:\/\/www.atn-ra.de\/es\/#website"},"datePublished":"2020-12-10T15:45:00+00:00","dateModified":"2021-06-02T11:24:30+00:00","breadcrumb":{"@id":"https:\/\/www.atn-ra.de\/es\/bufete\/publicaciones\/#breadcrumb"},"inLanguage":"es","potentialAction":[{"@type":"ReadAction","target":["https:\/\/www.atn-ra.de\/es\/bufete\/publicaciones\/"]}]},{"@type":"BreadcrumbList","@id":"https:\/\/www.atn-ra.de\/es\/bufete\/publicaciones\/#breadcrumb","itemListElement":[{"@type":"ListItem","position":1,"name":"Startseite","item":"https:\/\/www.atn-ra.de\/es\/"},{"@type":"ListItem","position":2,"name":"Bufete","item":"https:\/\/www.atn-ra.de\/es\/bufete\/"},{"@type":"ListItem","position":3,"name":"Publicaciones"}]},{"@type":"WebSite","@id":"https:\/\/www.atn-ra.de\/es\/#website","url":"https:\/\/www.atn-ra.de\/es\/","name":"ATN Rechtsanw\u00e4lte","description":"Wuppertal | Solingen | Remscheid | Ratingen","potentialAction":[{"@type":"SearchAction","target":{"@type":"EntryPoint","urlTemplate":"https:\/\/www.atn-ra.de\/es\/?s={search_term_string}"},"query-input":{"@type":"PropertyValueSpecification","valueRequired":true,"valueName":"search_term_string"}}],"inLanguage":"es"}]}},"_links":{"self":[{"href":"https:\/\/www.atn-ra.de\/es\/wp-json\/wp\/v2\/pages\/3217","targetHints":{"allow":["GET"]}}],"collection":[{"href":"https:\/\/www.atn-ra.de\/es\/wp-json\/wp\/v2\/pages"}],"about":[{"href":"https:\/\/www.atn-ra.de\/es\/wp-json\/wp\/v2\/types\/page"}],"author":[{"embeddable":true,"href":"https:\/\/www.atn-ra.de\/es\/wp-json\/wp\/v2\/users\/1"}],"replies":[{"embeddable":true,"href":"https:\/\/www.atn-ra.de\/es\/wp-json\/wp\/v2\/comments?post=3217"}],"version-history":[{"count":3,"href":"https:\/\/www.atn-ra.de\/es\/wp-json\/wp\/v2\/pages\/3217\/revisions"}],"predecessor-version":[{"id":4317,"href":"https:\/\/www.atn-ra.de\/es\/wp-json\/wp\/v2\/pages\/3217\/revisions\/4317"}],"up":[{"embeddable":true,"href":"https:\/\/www.atn-ra.de\/es\/wp-json\/wp\/v2\/pages\/2918"}],"wp:attachment":[{"href":"https:\/\/www.atn-ra.de\/es\/wp-json\/wp\/v2\/media?parent=3217"}],"curies":[{"name":"wp","href":"https:\/\/api.w.org\/{rel}","templated":true}]}}