{"id":2922,"date":"2020-12-10T16:40:08","date_gmt":"2020-12-10T15:40:08","guid":{"rendered":"https:\/\/www.atn-ra.de\/gis\/"},"modified":"2026-03-11T19:34:21","modified_gmt":"2026-03-11T18:34:21","slug":"sistema-de-informacion-de-acreedores","status":"publish","type":"page","link":"https:\/\/www.atn-ra.de\/es\/procedimiento-concursal\/sistema-de-informacion-de-acreedores\/","title":{"rendered":"Sistema de informaci\u00f3n de acreedores"},"content":{"rendered":"<div id='av_section_1'  class='avia-section av-2ill3-5cced68b2ed67cffbd1294b08b068cf1 main_color avia-section-default avia-no-border-styling  avia-builder-el-0  el_before_av_section  avia-builder-el-first  pixel-headersection avia-bg-style-scroll container_wrap fullsize'  ><div class='container av-section-cont-open' ><main  role=\"main\" itemprop=\"mainContentOfPage\"  class='template-page content  av-content-full alpha units'><div class='post-entry post-entry-type-page post-entry-2922'><div class='entry-content-wrapper clearfix'>\n\n<style type=\"text\/css\" data-created_by=\"avia_inline_auto\" id=\"style-css-av-1x0qf-83191624856f1f74e8d51e3f9a355087\">\n.flex_column.av-1x0qf-83191624856f1f74e8d51e3f9a355087{\nborder-radius:0px 0px 0px 0px;\npadding:0px 0px 0px 0px;\n}\n<\/style>\n<div  class='flex_column av-1x0qf-83191624856f1f74e8d51e3f9a355087 av_one_third  avia-builder-el-1  el_before_av_one_third  avia-builder-el-first  pixel-bluebox first flex_column_div av-zero-column-padding  '     ><section  class='av_textblock_section av-kiha3o9t-81230b6e8102c4527a37967b9c8b318f '   itemscope=\"itemscope\" itemtype=\"https:\/\/schema.org\/CreativeWork\" ><div class='avia_textblock'  itemprop=\"text\" ><p>Estructurados.<br \/>\n\u00datiles.<\/p>\n<\/div><\/section><\/div>\n<style type=\"text\/css\" data-created_by=\"avia_inline_auto\" id=\"style-css-av-1driv-a36856071f6e1c0e74e34fae3314c834\">\n.flex_column.av-1driv-a36856071f6e1c0e74e34fae3314c834{\nborder-radius:0px 0px 0px 0px;\npadding:0px 0px 0px 0px;\n}\n<\/style>\n<div  class='flex_column av-1driv-a36856071f6e1c0e74e34fae3314c834 av_one_third  avia-builder-el-3  el_after_av_one_third  el_before_av_one_third  flex_column_div av-zero-column-padding  '     ><style type=\"text\/css\" data-created_by=\"avia_inline_auto\" id=\"style-css-av-kiha3ete-6df14d3d486219294cb321e2769f8fc7\">\n.avia-image-container.av-kiha3ete-6df14d3d486219294cb321e2769f8fc7 img.avia_image{\nbox-shadow:none;\n}\n.avia-image-container.av-kiha3ete-6df14d3d486219294cb321e2769f8fc7 .av-image-caption-overlay-center{\ncolor:#ffffff;\n}\n<\/style>\n<div  class='avia-image-container av-kiha3ete-6df14d3d486219294cb321e2769f8fc7 av-styling- avia-align-center  avia-builder-el-4  avia-builder-el-no-sibling '   itemprop=\"image\" itemscope=\"itemscope\" itemtype=\"https:\/\/schema.org\/ImageObject\" ><div class=\"avia-image-container-inner\"><div class=\"avia-image-overlay-wrap\"><img decoding=\"async\" fetchpriority=\"high\" class='wp-image-6047 avia-img-lazy-loading-not-6047 avia_image ' src=\"https:\/\/www.atn-ra.de\/wp-content\/uploads\/atn_header_18.jpg\" alt='' title='Atn Header 18'  height=\"440\" width=\"440\"  itemprop=\"thumbnailUrl\" srcset=\"https:\/\/www.atn-ra.de\/wp-content\/uploads\/atn_header_18.jpg 440w, https:\/\/www.atn-ra.de\/wp-content\/uploads\/atn_header_18-300x300.jpg 300w, https:\/\/www.atn-ra.de\/wp-content\/uploads\/atn_header_18-80x80.jpg 80w, https:\/\/www.atn-ra.de\/wp-content\/uploads\/atn_header_18-36x36.jpg 36w\" sizes=\"(max-width: 440px) 100vw, 440px\" \/><\/div><\/div><\/div><\/div>\n<style type=\"text\/css\" data-created_by=\"avia_inline_auto\" id=\"style-css-av-157yn-fb8b17be8ea153bbeb90b6d2b6faf74c\">\n.flex_column.av-157yn-fb8b17be8ea153bbeb90b6d2b6faf74c{\nborder-radius:0px 0px 0px 0px;\npadding:0px 0px 0px 0px;\n}\n<\/style>\n<div  class='flex_column av-157yn-fb8b17be8ea153bbeb90b6d2b6faf74c av_one_third  avia-builder-el-5  el_after_av_one_third  avia-builder-el-last  flex_column_div av-zero-column-padding  '     ><style type=\"text\/css\" data-created_by=\"avia_inline_auto\" id=\"style-css-av-kiha3ete-12-c55b2e13d473a344cd177a1bd33816af\">\n.avia-image-container.av-kiha3ete-12-c55b2e13d473a344cd177a1bd33816af img.avia_image{\nbox-shadow:none;\n}\n.avia-image-container.av-kiha3ete-12-c55b2e13d473a344cd177a1bd33816af .av-image-caption-overlay-center{\ncolor:#ffffff;\n}\n<\/style>\n<div  class='avia-image-container av-kiha3ete-12-c55b2e13d473a344cd177a1bd33816af av-styling- avia-align-center  avia-builder-el-6  avia-builder-el-no-sibling '   itemprop=\"image\" itemscope=\"itemscope\" itemtype=\"https:\/\/schema.org\/ImageObject\" ><div class=\"avia-image-container-inner\"><div class=\"avia-image-overlay-wrap\"><img decoding=\"async\" fetchpriority=\"high\" class='wp-image-6049 avia-img-lazy-loading-not-6049 avia_image ' src=\"https:\/\/www.atn-ra.de\/wp-content\/uploads\/atn_header_19.jpg\" alt='' title='Atn Header 19'  height=\"440\" width=\"440\"  itemprop=\"thumbnailUrl\" srcset=\"https:\/\/www.atn-ra.de\/wp-content\/uploads\/atn_header_19.jpg 440w, https:\/\/www.atn-ra.de\/wp-content\/uploads\/atn_header_19-300x300.jpg 300w, https:\/\/www.atn-ra.de\/wp-content\/uploads\/atn_header_19-80x80.jpg 80w, https:\/\/www.atn-ra.de\/wp-content\/uploads\/atn_header_19-36x36.jpg 36w\" sizes=\"(max-width: 440px) 100vw, 440px\" \/><\/div><\/div><\/div><\/div>\n\n<\/div><\/div><\/main><!-- close content main element --><\/div><\/div><div id='av_section_2'  class='avia-section av-2ill3-15-30fc21976f3013abb3595ca3d37726ea main_color avia-section-default avia-no-border-styling  avia-builder-el-7  el_after_av_section  el_before_av_hr  avia-bg-style-scroll container_wrap fullsize'  ><div class='container av-section-cont-open' ><div class='template-page content  av-content-full alpha units'><div class='post-entry post-entry-type-page post-entry-2922'><div class='entry-content-wrapper clearfix'>\n\n<style type=\"text\/css\" data-created_by=\"avia_inline_auto\" id=\"style-css-av-1x0qf-14-27a91bc54868babe27bb1554d2da04dd\">\n.flex_column.av-1x0qf-14-27a91bc54868babe27bb1554d2da04dd{\nborder-radius:0px 0px 0px 0px;\npadding:0px 0px 0px 0px;\n}\n<\/style>\n<div  class='flex_column av-1x0qf-14-27a91bc54868babe27bb1554d2da04dd av_one_full  avia-builder-el-8  el_before_av_one_third  avia-builder-el-first  first flex_column_div av-zero-column-padding  '     ><section  class='av_textblock_section av-kiha3o9t-13-1291628ca90a33da16c32e7ca115de46 '   itemscope=\"itemscope\" itemtype=\"https:\/\/schema.org\/CreativeWork\" ><div class='avia_textblock'  itemprop=\"text\" ><h1>Sistema de informaci\u00f3n de acreedores<\/h1>\n<\/div><\/section><\/div>\n<style type=\"text\/css\" data-created_by=\"avia_inline_auto\" id=\"style-css-av-157yn-11-8435675a91767ee8e2e15a95d4b3cb0c\">\n.flex_column.av-157yn-11-8435675a91767ee8e2e15a95d4b3cb0c{\nborder-radius:0px 0px 0px 0px;\npadding:0px 0px 0px 0px;\n}\n<\/style>\n<div  class='flex_column av-157yn-11-8435675a91767ee8e2e15a95d4b3cb0c av_one_third  avia-builder-el-10  el_after_av_one_full  el_before_av_two_third  first flex_column_div av-zero-column-padding  column-top-margin'     ><section  class='av_textblock_section av-kiha3o9t-8-171ee2111e0c131166c45c9e1b1de5b7 '   itemscope=\"itemscope\" itemtype=\"https:\/\/schema.org\/CreativeWork\" ><div class='avia_textblock'  itemprop=\"text\" ><p><span class=\"subtitle\">\u00a1Bien informado!<\/span><\/p>\n<\/div><\/section><\/div>\n<style type=\"text\/css\" data-created_by=\"avia_inline_auto\" id=\"style-css-av-157yn-7-584ea7e920de64773db3a7d56f8f0ec0\">\n.flex_column.av-157yn-7-584ea7e920de64773db3a7d56f8f0ec0{\nborder-radius:0px 0px 0px 0px;\npadding:0px 0px 0px 0px;\n}\n<\/style>\n<div  class='flex_column av-157yn-7-584ea7e920de64773db3a7d56f8f0ec0 av_two_third  avia-builder-el-12  el_after_av_one_third  avia-builder-el-last  flex_column_div av-zero-column-padding  column-top-margin'     ><p><section  class='av_textblock_section av-kiha3o9t-6-fa2d1cdd7b2b098338188b181e701510 '   itemscope=\"itemscope\" itemtype=\"https:\/\/schema.org\/CreativeWork\" ><div class='avia_textblock'  itemprop=\"text\" ><p>Apreciado acreedor:<\/p>\n<p>Para obtener m\u00e1s informaci\u00f3n, comunicar cr\u00e9ditos o ver los resultados de la comprobaci\u00f3n de los cr\u00e9ditos comunicados, seleccione el procedimiento deseado. Introduzca el nombre del procedimiento o el n\u00famero de expediente judicial.<\/p>\n<p><strong>Aqu\u00ed puede buscar procedimientos concursales. Por favor, introduzca parte del nombre (al menos tres letras) de la empresa deudora.<\/strong><\/p>\n<\/div><\/section><br \/>\n<div  class='avia-button-wrap av-kipuusbv-92c3de666904b650c559c33c8fb9e0b7-wrap avia-button-right  avia-builder-el-14  el_after_av_textblock  avia-builder-el-last  pixel-button-green'><a href='https:\/\/www.glaeubigerinformation.de\/t\/100\/proceeding-search'  class='avia-button av-kipuusbv-92c3de666904b650c559c33c8fb9e0b7 av-link-btn avia-icon_select-no avia-size-small avia-position-right avia-color-theme-color'  target=\"_blank\"  rel=\"noopener noreferrer\"  aria-label=\"Ir al sistema de informaci\u00f3n de acreedores\"><span class='avia_iconbox_title' >Ir al sistema de informaci\u00f3n de acreedores<\/span><\/a><\/div><\/p><\/div>\n<\/div><\/div><\/div><!-- close content main div --><\/div><\/div><div id='after_section_2'  class='main_color av_default_container_wrap container_wrap fullsize'  ><div class='container av-section-cont-open' ><div class='template-page content  av-content-full alpha units'><div class='post-entry post-entry-type-page post-entry-2922'><div class='entry-content-wrapper clearfix'>\n<div  class='hr av-kihce4nb-64ade9e675c902d54fe366591d1d83af hr-full  avia-builder-el-15  el_after_av_section  el_before_av_section  avia-builder-el-no-sibling  hr-no-shadow'><span class='hr-inner '><span class=\"hr-inner-style\"><\/span><\/span><\/div>\n<\/div><\/div><\/div><!-- close content main div --><\/div><\/div><div id='av_section_3'  class='avia-section av-av_section-e4ef95e6d64daa5d43c9bd2540e73530 main_color avia-section-default avia-no-border-styling  avia-builder-el-16  el_after_av_hr  el_before_av_hr  avia-bg-style-scroll container_wrap fullsize'  ><div class='container av-section-cont-open' ><div class='template-page content  av-content-full alpha units'><div class='post-entry post-entry-type-page post-entry-2922'><div class='entry-content-wrapper clearfix'>\n\n<style type=\"text\/css\" data-created_by=\"avia_inline_auto\" id=\"style-css-av-av_one_full-79ff81c021393065cee878051452f6a6\">\n.flex_column.av-av_one_full-79ff81c021393065cee878051452f6a6{\nborder-radius:0px 0px 0px 0px;\npadding:0px 0px 0px 0px;\n}\n<\/style>\n<div  class='flex_column av-av_one_full-79ff81c021393065cee878051452f6a6 av_one_full  avia-builder-el-17  avia-builder-el-no-sibling  first flex_column_div av-zero-column-padding  '     ><section  class='av_textblock_section av-mmmdofeu-0f2c299d03d328484de3f90a709aa4f9 '   itemscope=\"itemscope\" itemtype=\"https:\/\/schema.org\/CreativeWork\" ><div class='avia_textblock'  itemprop=\"text\" ><h1>M\u00e1s informaci\u00f3n sobre los procedimientos de insolvencia actuales<\/h1>\n<\/div><\/section><br \/>\n<div  class='avia-button-wrap av-av_button-b50e9a1eee94aa1d91c347f85c5ec1ab-wrap avia-button-left  avia-builder-el-20  el_after_av_codeblock  el_before_av_button  pixel-button-green custom-button-text-links'><a href='https:\/\/www.aerotask-inso.de\/info'  class='avia-button av-av_button-b50e9a1eee94aa1d91c347f85c5ec1ab av-link-btn avia-icon_select-no avia-size-small avia-position-left avia-color-theme-color'  target=\"_blank\"  rel=\"noopener noreferrer\"  aria-label=\"Aerotask GmbH\"><span class='avia_iconbox_title' >Aerotask GmbH<\/span><\/a><\/div><br \/>\n<div  class='avia-button-wrap av-av_button-afaacd2e6dfd1f5ff09fd1788943e349-wrap avia-button-left  avia-builder-el-21  el_after_av_button  el_before_av_codeblock  pixel-button-green custom-button-text-links'><a href='https:\/\/www.mrg-insolvenz.de'  class='avia-button av-av_button-afaacd2e6dfd1f5ff09fd1788943e349 av-link-btn avia-icon_select-no avia-size-small avia-position-left avia-color-theme-color'  target=\"_blank\"  rel=\"noopener noreferrer\"  aria-label=\"Mingers. Rechtsanwaltsgesellschaft mbH\"><span class='avia_iconbox_title' >Mingers. Rechtsanwaltsgesellschaft mbH<\/span><\/a><\/div><br \/>\n<\/p><\/div><\/div><\/div><\/div><!-- close content main div --><\/div><\/div><div id='after_section_3'  class='main_color av_default_container_wrap container_wrap fullsize'  ><div class='container av-section-cont-open' ><div class='template-page content  av-content-full alpha units'><div class='post-entry post-entry-type-page post-entry-2922'><div class='entry-content-wrapper clearfix'><div  class='hr av-av_hr-dbb00b68c60bcf23c1656931eab8bf10 hr-full  avia-builder-el-23  el_after_av_section  el_before_av_section  avia-builder-el-no-sibling  hr-no-shadow'><span class='hr-inner '><span class=\"hr-inner-style\"><\/span><\/span><\/div><\/p>\n<\/div><\/div><\/div><!-- close content main div --><\/div><\/div><div id='av_section_4'  class='avia-section av-2ill3-10-c375a41916ee0fcb335a569ca014fd57 main_color avia-section-default avia-no-border-styling  avia-builder-el-24  el_after_av_hr  avia-builder-el-last  pixel-headlinemarker pixel-kontaktblock avia-bg-style-scroll container_wrap fullsize'  ><div class='container av-section-cont-open' ><div class='template-page content  av-content-full alpha units'><div class='post-entry post-entry-type-page post-entry-2922'><div class='entry-content-wrapper clearfix'>\n\n<style type=\"text\/css\" data-created_by=\"avia_inline_auto\" id=\"style-css-av-1x0qf-9-d23ce527f0c64c56f9f6477ff35bc96d\">\n.flex_column.av-1x0qf-9-d23ce527f0c64c56f9f6477ff35bc96d{\nborder-radius:0px 0px 0px 0px;\npadding:0px 0px 0px 0px;\n}\n<\/style>\n<div  class='flex_column av-1x0qf-9-d23ce527f0c64c56f9f6477ff35bc96d av_one_full  avia-builder-el-25  el_before_av_one_fourth  avia-builder-el-first  first flex_column_div av-zero-column-padding  '     ><section  class='av_textblock_section av-kiha3o9t-5-facce1cc65897290089a6a2430d4434e '   itemscope=\"itemscope\" itemtype=\"https:\/\/schema.org\/CreativeWork\" ><div class='avia_textblock'  itemprop=\"text\" ><h2>P\u00f3ngase ahora en contacto con nosotros!<\/h2>\n<\/div><\/section><br \/>\n<section  class='av_textblock_section av-kiha3o9t-3-c7ee649b399589090bd8d85f881860b4 '   itemscope=\"itemscope\" itemtype=\"https:\/\/schema.org\/CreativeWork\" ><div class='avia_textblock pixel-content50'  itemprop=\"text\" ><p>\u00bfTiene alguna pregunta o desea iniciar una consulta? Entonces, p\u00f3ngase en contacto con nuestros expertos sin compromiso.<\/p>\n<\/div><\/section><\/p><\/div>\n<style type=\"text\/css\" data-created_by=\"avia_inline_auto\" id=\"style-css-av-1x0qf-4-430349085785a1be09f60113ae1ae9e4\">\n.flex_column.av-1x0qf-4-430349085785a1be09f60113ae1ae9e4{\nborder-radius:0px 0px 0px 0px;\npadding:0px 0px 0px 0px;\n}\n<\/style>\n<div  class='flex_column av-1x0qf-4-430349085785a1be09f60113ae1ae9e4 av_one_fourth  avia-builder-el-28  el_after_av_one_full  el_before_av_three_fourth  pixel-bluebox first flex_column_div av-zero-column-padding  column-top-margin'     ><section  class='av_textblock_section av-kiha3o9t-2-56ff9101bdfe74a15cd617c8d1e455db '   itemscope=\"itemscope\" itemtype=\"https:\/\/schema.org\/CreativeWork\" ><div class='avia_textblock'  itemprop=\"text\" ><p><span style=\"font-size: 22px;\">ATN Abogados<\/span><\/p>\n<p><strong>Oficina de Wuppertal<\/strong><br \/>\nT: +49 202.24 50 70<br \/>\ninfo@atn-ra.de<\/p>\n<\/div><\/section><\/div>\n<style type=\"text\/css\" data-created_by=\"avia_inline_auto\" id=\"style-css-av-1x0qf-1-a96230d740870e28b40fdf63ae018064\">\n.flex_column.av-1x0qf-1-a96230d740870e28b40fdf63ae018064{\nborder-radius:0px 0px 0px 0px;\npadding:0px 0px 0px 0px;\n}\n<\/style>\n<div  class='flex_column av-1x0qf-1-a96230d740870e28b40fdf63ae018064 av_three_fourth  avia-builder-el-30  el_after_av_one_fourth  avia-builder-el-last  flex_column_div av-zero-column-padding  column-top-margin'     ><\/div>\n\n","protected":false},"excerpt":{"rendered":"","protected":false},"author":1,"featured_media":0,"parent":2926,"menu_order":2,"comment_status":"closed","ping_status":"closed","template":"","meta":{"_acf_changed":false,"footnotes":""},"class_list":["post-2922","page","type-page","status-publish","hentry"],"acf":[],"yoast_head":"<!-- This site is optimized with the Yoast SEO plugin v27.4 - https:\/\/yoast.com\/product\/yoast-seo-wordpress\/ -->\n<title>Sistema de informaci\u00f3n de acreedores - ATN Abogados<\/title>\n<meta name=\"robots\" content=\"index, follow, max-snippet:-1, max-image-preview:large, max-video-preview:-1\" \/>\n<link rel=\"canonical\" href=\"https:\/\/www.atn-ra.de\/es\/procedimiento-concursal\/sistema-de-informacion-de-acreedores\/\" \/>\n<meta property=\"og:locale\" content=\"es_ES\" \/>\n<meta property=\"og:type\" content=\"article\" \/>\n<meta property=\"og:title\" content=\"Sistema de informaci\u00f3n de acreedores - ATN Abogados\" \/>\n<meta property=\"og:url\" content=\"https:\/\/www.atn-ra.de\/es\/procedimiento-concursal\/sistema-de-informacion-de-acreedores\/\" \/>\n<meta property=\"og:site_name\" content=\"ATN Rechtsanw\u00e4lte\" \/>\n<meta property=\"article:modified_time\" content=\"2026-03-11T18:34:21+00:00\" \/>\n<meta name=\"twitter:card\" content=\"summary_large_image\" \/>\n<meta name=\"twitter:label1\" content=\"Tiempo de lectura\" \/>\n\t<meta name=\"twitter:data1\" content=\"2 minutos\" \/>\n<script type=\"application\/ld+json\" class=\"yoast-schema-graph\">{\"@context\":\"https:\\\/\\\/schema.org\",\"@graph\":[{\"@type\":\"WebPage\",\"@id\":\"https:\\\/\\\/www.atn-ra.de\\\/es\\\/procedimiento-concursal\\\/sistema-de-informacion-de-acreedores\\\/\",\"url\":\"https:\\\/\\\/www.atn-ra.de\\\/es\\\/procedimiento-concursal\\\/sistema-de-informacion-de-acreedores\\\/\",\"name\":\"Sistema de informaci\u00f3n de acreedores - ATN Abogados\",\"isPartOf\":{\"@id\":\"https:\\\/\\\/www.atn-ra.de\\\/es\\\/#website\"},\"datePublished\":\"2020-12-10T15:40:08+00:00\",\"dateModified\":\"2026-03-11T18:34:21+00:00\",\"breadcrumb\":{\"@id\":\"https:\\\/\\\/www.atn-ra.de\\\/es\\\/procedimiento-concursal\\\/sistema-de-informacion-de-acreedores\\\/#breadcrumb\"},\"inLanguage\":\"es\",\"potentialAction\":[{\"@type\":\"ReadAction\",\"target\":[\"https:\\\/\\\/www.atn-ra.de\\\/es\\\/procedimiento-concursal\\\/sistema-de-informacion-de-acreedores\\\/\"]}]},{\"@type\":\"BreadcrumbList\",\"@id\":\"https:\\\/\\\/www.atn-ra.de\\\/es\\\/procedimiento-concursal\\\/sistema-de-informacion-de-acreedores\\\/#breadcrumb\",\"itemListElement\":[{\"@type\":\"ListItem\",\"position\":1,\"name\":\"Startseite\",\"item\":\"https:\\\/\\\/www.atn-ra.de\\\/es\\\/\"},{\"@type\":\"ListItem\",\"position\":2,\"name\":\"Procedimiento concursal\",\"item\":\"https:\\\/\\\/www.atn-ra.de\\\/es\\\/procedimiento-concursal\\\/\"},{\"@type\":\"ListItem\",\"position\":3,\"name\":\"Sistema de informaci\u00f3n de acreedores\"}]},{\"@type\":\"WebSite\",\"@id\":\"https:\\\/\\\/www.atn-ra.de\\\/es\\\/#website\",\"url\":\"https:\\\/\\\/www.atn-ra.de\\\/es\\\/\",\"name\":\"ATN Rechtsanw\u00e4lte\",\"description\":\"Wuppertal | Solingen | Remscheid | Ratingen\",\"potentialAction\":[{\"@type\":\"SearchAction\",\"target\":{\"@type\":\"EntryPoint\",\"urlTemplate\":\"https:\\\/\\\/www.atn-ra.de\\\/es\\\/?s={search_term_string}\"},\"query-input\":{\"@type\":\"PropertyValueSpecification\",\"valueRequired\":true,\"valueName\":\"search_term_string\"}}],\"inLanguage\":\"es\"}]}<\/script>\n<!-- \/ Yoast SEO plugin. -->","yoast_head_json":{"title":"Sistema de informaci\u00f3n de acreedores - ATN Abogados","robots":{"index":"index","follow":"follow","max-snippet":"max-snippet:-1","max-image-preview":"max-image-preview:large","max-video-preview":"max-video-preview:-1"},"canonical":"https:\/\/www.atn-ra.de\/es\/procedimiento-concursal\/sistema-de-informacion-de-acreedores\/","og_locale":"es_ES","og_type":"article","og_title":"Sistema de informaci\u00f3n de acreedores - ATN Abogados","og_url":"https:\/\/www.atn-ra.de\/es\/procedimiento-concursal\/sistema-de-informacion-de-acreedores\/","og_site_name":"ATN Rechtsanw\u00e4lte","article_modified_time":"2026-03-11T18:34:21+00:00","twitter_card":"summary_large_image","twitter_misc":{"Tiempo de lectura":"2 minutos"},"schema":{"@context":"https:\/\/schema.org","@graph":[{"@type":"WebPage","@id":"https:\/\/www.atn-ra.de\/es\/procedimiento-concursal\/sistema-de-informacion-de-acreedores\/","url":"https:\/\/www.atn-ra.de\/es\/procedimiento-concursal\/sistema-de-informacion-de-acreedores\/","name":"Sistema de informaci\u00f3n de acreedores - ATN Abogados","isPartOf":{"@id":"https:\/\/www.atn-ra.de\/es\/#website"},"datePublished":"2020-12-10T15:40:08+00:00","dateModified":"2026-03-11T18:34:21+00:00","breadcrumb":{"@id":"https:\/\/www.atn-ra.de\/es\/procedimiento-concursal\/sistema-de-informacion-de-acreedores\/#breadcrumb"},"inLanguage":"es","potentialAction":[{"@type":"ReadAction","target":["https:\/\/www.atn-ra.de\/es\/procedimiento-concursal\/sistema-de-informacion-de-acreedores\/"]}]},{"@type":"BreadcrumbList","@id":"https:\/\/www.atn-ra.de\/es\/procedimiento-concursal\/sistema-de-informacion-de-acreedores\/#breadcrumb","itemListElement":[{"@type":"ListItem","position":1,"name":"Startseite","item":"https:\/\/www.atn-ra.de\/es\/"},{"@type":"ListItem","position":2,"name":"Procedimiento concursal","item":"https:\/\/www.atn-ra.de\/es\/procedimiento-concursal\/"},{"@type":"ListItem","position":3,"name":"Sistema de informaci\u00f3n de acreedores"}]},{"@type":"WebSite","@id":"https:\/\/www.atn-ra.de\/es\/#website","url":"https:\/\/www.atn-ra.de\/es\/","name":"ATN Rechtsanw\u00e4lte","description":"Wuppertal | Solingen | Remscheid | Ratingen","potentialAction":[{"@type":"SearchAction","target":{"@type":"EntryPoint","urlTemplate":"https:\/\/www.atn-ra.de\/es\/?s={search_term_string}"},"query-input":{"@type":"PropertyValueSpecification","valueRequired":true,"valueName":"search_term_string"}}],"inLanguage":"es"}]}},"_links":{"self":[{"href":"https:\/\/www.atn-ra.de\/es\/wp-json\/wp\/v2\/pages\/2922","targetHints":{"allow":["GET"]}}],"collection":[{"href":"https:\/\/www.atn-ra.de\/es\/wp-json\/wp\/v2\/pages"}],"about":[{"href":"https:\/\/www.atn-ra.de\/es\/wp-json\/wp\/v2\/types\/page"}],"author":[{"embeddable":true,"href":"https:\/\/www.atn-ra.de\/es\/wp-json\/wp\/v2\/users\/1"}],"replies":[{"embeddable":true,"href":"https:\/\/www.atn-ra.de\/es\/wp-json\/wp\/v2\/comments?post=2922"}],"version-history":[{"count":7,"href":"https:\/\/www.atn-ra.de\/es\/wp-json\/wp\/v2\/pages\/2922\/revisions"}],"predecessor-version":[{"id":11701,"href":"https:\/\/www.atn-ra.de\/es\/wp-json\/wp\/v2\/pages\/2922\/revisions\/11701"}],"up":[{"embeddable":true,"href":"https:\/\/www.atn-ra.de\/es\/wp-json\/wp\/v2\/pages\/2926"}],"wp:attachment":[{"href":"https:\/\/www.atn-ra.de\/es\/wp-json\/wp\/v2\/media?parent=2922"}],"curies":[{"name":"wp","href":"https:\/\/api.w.org\/{rel}","templated":true}]}}