{"id":2916,"date":"2020-12-09T11:35:40","date_gmt":"2020-12-09T10:35:40","guid":{"rendered":"https:\/\/www.atn-ra.de\/kontakt\/"},"modified":"2021-06-02T13:15:35","modified_gmt":"2021-06-02T11:15:35","slug":"contacto","status":"publish","type":"page","link":"https:\/\/www.atn-ra.de\/es\/contacto\/","title":{"rendered":"Contacto"},"content":{"rendered":"<div id='av_section_1'  class='avia-section av-2ill3-20ae2f606992b667d3cf788edcbcab5b main_color avia-section-default avia-no-border-styling  avia-builder-el-0  el_before_av_hr  avia-builder-el-first  pixel-headlinemarker avia-bg-style-scroll container_wrap fullsize'  ><div class='container av-section-cont-open' ><main  role=\"main\" itemprop=\"mainContentOfPage\"  class='template-page content  av-content-full alpha units'><div class='post-entry post-entry-type-page post-entry-2916'><div class='entry-content-wrapper clearfix'>\n\n<style type=\"text\/css\" data-created_by=\"avia_inline_auto\" id=\"style-css-av-1x0qf-738ec44cc25376b0d053725fd8cf74fc\">\n.flex_column.av-1x0qf-738ec44cc25376b0d053725fd8cf74fc{\nborder-radius:0px 0px 0px 0px;\npadding:0px 0px 0px 0px;\n}\n<\/style>\n<div  class='flex_column av-1x0qf-738ec44cc25376b0d053725fd8cf74fc av_one_full  avia-builder-el-1  el_before_av_one_half  avia-builder-el-first  first flex_column_div av-zero-column-padding  '     ><section  class='av_textblock_section av-kiha3o9t-81230b6e8102c4527a37967b9c8b318f '   itemscope=\"itemscope\" itemtype=\"https:\/\/schema.org\/CreativeWork\" ><div class='avia_textblock'  itemprop=\"text\" ><h1>Contacto<\/h1>\n<\/div><\/section><\/div>\n<style type=\"text\/css\" data-created_by=\"avia_inline_auto\" id=\"style-css-av-157yn-ff7fae9ceb748007fa4c0a3893e73e92\">\n.flex_column.av-157yn-ff7fae9ceb748007fa4c0a3893e73e92{\nborder-radius:0px 0px 0px 0px;\npadding:0px 0px 0px 0px;\n}\n<\/style>\n<div  class='flex_column av-157yn-ff7fae9ceb748007fa4c0a3893e73e92 av_one_half  avia-builder-el-3  el_after_av_one_full  el_before_av_one_half  first flex_column_div av-zero-column-padding  column-top-margin'     ><section  class='av_textblock_section av-kiha3o9t-81230b6e8102c4527a37967b9c8b318f '   itemscope=\"itemscope\" itemtype=\"https:\/\/schema.org\/CreativeWork\" ><div class='avia_textblock'  itemprop=\"text\" ><p>La clave del \u00e9xito del asesoramiento jur\u00eddico es una estrecha colaboraci\u00f3n entre abogado y cliente. Por eso damos gran importancia a las amplias posibilidades de contacto. De este modo, podemos ayudarle a hacer valer sus derechos m\u00e1s r\u00e1pidamente y de forma m\u00e1s espec\u00edfica. A continuaci\u00f3n, encontrar\u00e1 un listado de nuestras oficinas; seleccione simplemente la oficina de ATN m\u00e1s cercana a usted y p\u00f3ngase en contacto.<\/p>\n<\/div><\/section><\/div>\n<style type=\"text\/css\" data-created_by=\"avia_inline_auto\" id=\"style-css-av-157yn-fb8b17be8ea153bbeb90b6d2b6faf74c\">\n.flex_column.av-157yn-fb8b17be8ea153bbeb90b6d2b6faf74c{\nborder-radius:0px 0px 0px 0px;\npadding:0px 0px 0px 0px;\n}\n<\/style>\n<div  class='flex_column av-157yn-fb8b17be8ea153bbeb90b6d2b6faf74c av_one_half  avia-builder-el-5  el_after_av_one_half  avia-builder-el-last  flex_column_div av-zero-column-padding  column-top-margin'     ><section  class='av_textblock_section av-kiha3o9t-81230b6e8102c4527a37967b9c8b318f '   itemscope=\"itemscope\" itemtype=\"https:\/\/schema.org\/CreativeWork\" ><div class='avia_textblock'  itemprop=\"text\" ><p>Tambi\u00e9n pueden ponerse en contacto con nosotros a trav\u00e9s de los apartados \u00e1reas de especializaci\u00f3n <a href=\"\/es\/reestructuracion-saneamiento\/\">reestructuraci\u00f3n &amp; saneamiento<\/a>, <a href=\"\/es\/asesoramiento-juridico\/para-empresas\/\">asesoramiento jur\u00eddico para empresas<\/a>, <a href=\"\/es\/asesoramiento-juridico\/para-particulares\/\">asesoramiento jur\u00eddico para particulares<\/a> e <a href=\"\/es\/procedimiento-concursal\/insolvencias\/\">insolvencias<\/a> o bien dir\u00edjase directamente a uno de nuestros <a href=\"\/es\/expertos\/todos-los-expertos\/\">expertos\/as<\/a>. Estaremos encantados de atenderle.<\/p>\n<\/div><\/section><\/div>\n<\/div><\/div><\/main><!-- close content main element --><\/div><\/div><div id='after_section_1'  class='main_color av_default_container_wrap container_wrap fullsize'  ><div class='container av-section-cont-open' ><div class='template-page content  av-content-full alpha units'><div class='post-entry post-entry-type-page post-entry-2916'><div class='entry-content-wrapper clearfix'>\n<div  class='hr av-kihce4nb-64ade9e675c902d54fe366591d1d83af hr-full  avia-builder-el-7  el_after_av_section  el_before_av_section  avia-builder-el-no-sibling  hr-no-shadow'><span class='hr-inner '><span class=\"hr-inner-style\"><\/span><\/span><\/div>\n<\/div><\/div><\/div><!-- close content main div --><\/div><\/div><div id='av_section_2'  class='avia-section av-2ill3-20ae2f606992b667d3cf788edcbcab5b main_color avia-section-default avia-no-border-styling  avia-builder-el-8  el_after_av_hr  el_before_av_section  pixel-headlinemarker avia-bg-style-scroll container_wrap fullsize'  ><div class='container av-section-cont-open' ><div class='template-page content  av-content-full alpha units'><div class='post-entry post-entry-type-page post-entry-2916'><div class='entry-content-wrapper clearfix'>\n\n<style type=\"text\/css\" data-created_by=\"avia_inline_auto\" id=\"style-css-av-1x0qf-738ec44cc25376b0d053725fd8cf74fc\">\n.flex_column.av-1x0qf-738ec44cc25376b0d053725fd8cf74fc{\nborder-radius:0px 0px 0px 0px;\npadding:0px 0px 0px 0px;\n}\n<\/style>\n<div  class='flex_column av-1x0qf-738ec44cc25376b0d053725fd8cf74fc av_one_full  avia-builder-el-9  avia-builder-el-no-sibling  first flex_column_div av-zero-column-padding  '     ><section  class='av_textblock_section av-kiha3o9t-81230b6e8102c4527a37967b9c8b318f '   itemscope=\"itemscope\" itemtype=\"https:\/\/schema.org\/CreativeWork\" ><div class='avia_textblock'  itemprop=\"text\" ><h2>Las oficinas de nuestro bufete<\/h2>\n<\/div><\/section><br \/>\n<section  class='av_textblock_section av-kiha3o9t-296bcb8edefdc319ea43f1275aeeabd7 '   itemscope=\"itemscope\" itemtype=\"https:\/\/schema.org\/CreativeWork\" ><div class='avia_textblock pixel-content60'  itemprop=\"text\" ><p>Un estrecho intercambio entre el abogado y el cliente es crucial para el \u00e9xito del asesoramiento jur\u00eddico. Por ello, las oficinas de nuestro bufete est\u00e1n muy cerca de usted.<\/p>\n<\/div><\/section><\/p><\/div><\/div><\/div><\/div><!-- close content main div --><\/div><\/div><div id='av_section_3'  class='avia-section av-2ill3-20ae2f606992b667d3cf788edcbcab5b main_color avia-section-default avia-no-border-styling  avia-builder-el-12  el_after_av_section  el_before_av_hr  pixel-headlinemarker avia-bg-style-scroll container_wrap fullsize'  ><div class='container av-section-cont-open' ><div class='template-page content  av-content-full alpha units'><div class='post-entry post-entry-type-page post-entry-2916'><div class='entry-content-wrapper clearfix'>\n\n<style type=\"text\/css\" data-created_by=\"avia_inline_auto\" id=\"style-css-av-1x0qf-738ec44cc25376b0d053725fd8cf74fc\">\n.flex_column.av-1x0qf-738ec44cc25376b0d053725fd8cf74fc{\nborder-radius:0px 0px 0px 0px;\npadding:0px 0px 0px 0px;\n}\n<\/style>\n<div  class='flex_column av-1x0qf-738ec44cc25376b0d053725fd8cf74fc av_one_third  avia-builder-el-13  el_before_av_one_third  avia-builder-el-first  first flex_column_div av-zero-column-padding  '     ><div id='standorte-3000' class='pixel-standorte '>\r\n\t\t\t\t\t\t\t\t<a href='https:\/\/www.atn-ra.de\/es\/oficinas\/wuppertal\/'>\r\n\t\t\t\t\t\t\t\t\t<div class='image-wrapper'> <img src='https:\/\/www.atn-ra.de\/wp-content\/uploads\/atn_standorte_wuppertal.jpg' alt='Wuppertal'\/><\/div>\r\n\t\t\t\t\t\t\t\t\t<div class='content-wrapper'>\r\n\t\t\t\t\t\t\t\t\t\t<h3>Wuppertal<\/h3>\r\n\t\t\t\t\t\t\t\t\t\t\r\n\t\t\t\t\t\t\t\t\t\t<div class='locations-content'>\r\n\t\t\t\t\t\t\t\t\t\t\t\r\n\t\t\t\t\t\t\t\t\t\t<\/div>\r\n\t\t\t\t\t\t\t\t\t<\/div>\r\n\t\t\t\t\t\t\t\t<\/a>\r\n\t\t\t\t\t\t\t<\/div><\/div>\n<style type=\"text\/css\" data-created_by=\"avia_inline_auto\" id=\"style-css-av-1x0qf-d67e2a1a699fc22987a9c8ca229aa3d6\">\n.flex_column.av-1x0qf-d67e2a1a699fc22987a9c8ca229aa3d6{\nborder-radius:0px 0px 0px 0px;\npadding:0px 0px 0px 0px;\n}\n<\/style>\n<div  class='flex_column av-1x0qf-d67e2a1a699fc22987a9c8ca229aa3d6 av_one_third  avia-builder-el-15  el_after_av_one_third  el_before_av_one_third  flex_column_div av-zero-column-padding  '     ><div id='standorte-3006' class='pixel-standorte '>\r\n\t\t\t\t\t\t\t\t<a href='https:\/\/www.atn-ra.de\/es\/oficinas\/ratingen\/'>\r\n\t\t\t\t\t\t\t\t\t<div class='image-wrapper'> <img src='https:\/\/www.atn-ra.de\/wp-content\/uploads\/atn_standorte_ratingen-1.jpg' alt='Ratingen'\/><\/div>\r\n\t\t\t\t\t\t\t\t\t<div class='content-wrapper'>\r\n\t\t\t\t\t\t\t\t\t\t<h3>Ratingen<\/h3>\r\n\t\t\t\t\t\t\t\t\t\t\r\n\t\t\t\t\t\t\t\t\t\t<div class='locations-content'>\r\n\t\t\t\t\t\t\t\t\t\t\t\r\n\t\t\t\t\t\t\t\t\t\t<\/div>\r\n\t\t\t\t\t\t\t\t\t<\/div>\r\n\t\t\t\t\t\t\t\t<\/a>\r\n\t\t\t\t\t\t\t<\/div><\/div>\n<style type=\"text\/css\" data-created_by=\"avia_inline_auto\" id=\"style-css-av-1x0qf-d67e2a1a699fc22987a9c8ca229aa3d6\">\n.flex_column.av-1x0qf-d67e2a1a699fc22987a9c8ca229aa3d6{\nborder-radius:0px 0px 0px 0px;\npadding:0px 0px 0px 0px;\n}\n<\/style>\n<div  class='flex_column av-1x0qf-d67e2a1a699fc22987a9c8ca229aa3d6 av_one_third  avia-builder-el-17  el_after_av_one_third  el_before_av_one_third  flex_column_div av-zero-column-padding  '     ><div id='standorte-3014' class='pixel-standorte '>\r\n\t\t\t\t\t\t\t\t<a href='https:\/\/www.atn-ra.de\/es\/oficinas\/hagen\/'>\r\n\t\t\t\t\t\t\t\t\t<div class='image-wrapper'> <img src='https:\/\/www.atn-ra.de\/wp-content\/uploads\/atn_standorte_hagen.jpg' alt='Hagen'\/><\/div>\r\n\t\t\t\t\t\t\t\t\t<div class='content-wrapper'>\r\n\t\t\t\t\t\t\t\t\t\t<h3>Hagen<\/h3>\r\n\t\t\t\t\t\t\t\t\t\t\r\n\t\t\t\t\t\t\t\t\t\t<div class='locations-content'>\r\n\t\t\t\t\t\t\t\t\t\t\t\r\n\t\t\t\t\t\t\t\t\t\t<\/div>\r\n\t\t\t\t\t\t\t\t\t<\/div>\r\n\t\t\t\t\t\t\t\t<\/a>\r\n\t\t\t\t\t\t\t<\/div><\/div>\n<style type=\"text\/css\" data-created_by=\"avia_inline_auto\" id=\"style-css-av-1x0qf-738ec44cc25376b0d053725fd8cf74fc\">\n.flex_column.av-1x0qf-738ec44cc25376b0d053725fd8cf74fc{\nborder-radius:0px 0px 0px 0px;\npadding:0px 0px 0px 0px;\n}\n<\/style>\n<div  class='flex_column av-1x0qf-738ec44cc25376b0d053725fd8cf74fc av_one_third  avia-builder-el-19  el_after_av_one_third  el_before_av_one_third  first flex_column_div av-zero-column-padding  column-top-margin'     ><div id='standorte-3004' class='pixel-standorte '>\r\n\t\t\t\t\t\t\t\t<a href='https:\/\/www.atn-ra.de\/es\/oficinas\/remscheid\/'>\r\n\t\t\t\t\t\t\t\t\t<div class='image-wrapper'> <img src='https:\/\/www.atn-ra.de\/wp-content\/uploads\/atn_standorte_remscheid.jpg' alt='Remscheid'\/><\/div>\r\n\t\t\t\t\t\t\t\t\t<div class='content-wrapper'>\r\n\t\t\t\t\t\t\t\t\t\t<h3>Remscheid<\/h3>\r\n\t\t\t\t\t\t\t\t\t\t\r\n\t\t\t\t\t\t\t\t\t\t<div class='locations-content'>\r\n\t\t\t\t\t\t\t\t\t\t\t\r\n\t\t\t\t\t\t\t\t\t\t<\/div>\r\n\t\t\t\t\t\t\t\t\t<\/div>\r\n\t\t\t\t\t\t\t\t<\/a>\r\n\t\t\t\t\t\t\t<\/div><\/div>\n<style type=\"text\/css\" data-created_by=\"avia_inline_auto\" id=\"style-css-av-1x0qf-d67e2a1a699fc22987a9c8ca229aa3d6\">\n.flex_column.av-1x0qf-d67e2a1a699fc22987a9c8ca229aa3d6{\nborder-radius:0px 0px 0px 0px;\npadding:0px 0px 0px 0px;\n}\n<\/style>\n<div  class='flex_column av-1x0qf-d67e2a1a699fc22987a9c8ca229aa3d6 av_one_third  avia-builder-el-21  el_after_av_one_third  el_before_av_one_third  flex_column_div av-zero-column-padding  column-top-margin'     ><div id='standorte-3016' class='pixel-standorte '>\r\n\t\t\t\t\t\t\t\t<a href='https:\/\/www.atn-ra.de\/es\/oficinas\/bochum\/'>\r\n\t\t\t\t\t\t\t\t\t<div class='image-wrapper'> <img src='https:\/\/www.atn-ra.de\/wp-content\/uploads\/atn_standorte_bochum.jpg' alt='Bochum'\/><\/div>\r\n\t\t\t\t\t\t\t\t\t<div class='content-wrapper'>\r\n\t\t\t\t\t\t\t\t\t\t<h3>Bochum<\/h3>\r\n\t\t\t\t\t\t\t\t\t\t\r\n\t\t\t\t\t\t\t\t\t\t<div class='locations-content'>\r\n\t\t\t\t\t\t\t\t\t\t\t\r\n\t\t\t\t\t\t\t\t\t\t<\/div>\r\n\t\t\t\t\t\t\t\t\t<\/div>\r\n\t\t\t\t\t\t\t\t<\/a>\r\n\t\t\t\t\t\t\t<\/div><\/div>\n<style type=\"text\/css\" data-created_by=\"avia_inline_auto\" id=\"style-css-av-1x0qf-d67e2a1a699fc22987a9c8ca229aa3d6\">\n.flex_column.av-1x0qf-d67e2a1a699fc22987a9c8ca229aa3d6{\nborder-radius:0px 0px 0px 0px;\npadding:0px 0px 0px 0px;\n}\n<\/style>\n<div  class='flex_column av-1x0qf-d67e2a1a699fc22987a9c8ca229aa3d6 av_one_third  avia-builder-el-23  el_after_av_one_third  el_before_av_one_third  flex_column_div av-zero-column-padding  column-top-margin'     ><div id='standorte-3011' class='pixel-standorte '>\r\n\t\t\t\t\t\t\t\t<a href='https:\/\/www.atn-ra.de\/es\/oficinas\/koeln\/'>\r\n\t\t\t\t\t\t\t\t\t<div class='image-wrapper'> <img src='https:\/\/www.atn-ra.de\/wp-content\/uploads\/atn_standorte_koeln.jpg' alt='K\u00f6ln'\/><\/div>\r\n\t\t\t\t\t\t\t\t\t<div class='content-wrapper'>\r\n\t\t\t\t\t\t\t\t\t\t<h3>K\u00f6ln<\/h3>\r\n\t\t\t\t\t\t\t\t\t\t\r\n\t\t\t\t\t\t\t\t\t\t<div class='locations-content'>\r\n\t\t\t\t\t\t\t\t\t\t\t\r\n\t\t\t\t\t\t\t\t\t\t<\/div>\r\n\t\t\t\t\t\t\t\t\t<\/div>\r\n\t\t\t\t\t\t\t\t<\/a>\r\n\t\t\t\t\t\t\t<\/div><\/div>\n<style type=\"text\/css\" data-created_by=\"avia_inline_auto\" id=\"style-css-av-1x0qf-738ec44cc25376b0d053725fd8cf74fc\">\n.flex_column.av-1x0qf-738ec44cc25376b0d053725fd8cf74fc{\nborder-radius:0px 0px 0px 0px;\npadding:0px 0px 0px 0px;\n}\n<\/style>\n<div  class='flex_column av-1x0qf-738ec44cc25376b0d053725fd8cf74fc av_one_third  avia-builder-el-25  el_after_av_one_third  el_before_av_one_third  first flex_column_div av-zero-column-padding  column-top-margin'     ><div id='standorte-2999' class='pixel-standorte '>\r\n\t\t\t\t\t\t\t\t<a href='https:\/\/www.atn-ra.de\/es\/oficinas\/solingen\/'>\r\n\t\t\t\t\t\t\t\t\t<div class='image-wrapper'> <img src='https:\/\/www.atn-ra.de\/wp-content\/uploads\/atn_standorte_solingen.jpg' alt='Solingen'\/><\/div>\r\n\t\t\t\t\t\t\t\t\t<div class='content-wrapper'>\r\n\t\t\t\t\t\t\t\t\t\t<h3>Solingen<\/h3>\r\n\t\t\t\t\t\t\t\t\t\t\r\n\t\t\t\t\t\t\t\t\t\t<div class='locations-content'>\r\n\t\t\t\t\t\t\t\t\t\t\t\r\n\t\t\t\t\t\t\t\t\t\t<\/div>\r\n\t\t\t\t\t\t\t\t\t<\/div>\r\n\t\t\t\t\t\t\t\t<\/a>\r\n\t\t\t\t\t\t\t<\/div><\/div>\n<style type=\"text\/css\" data-created_by=\"avia_inline_auto\" id=\"style-css-av-1x0qf-d67e2a1a699fc22987a9c8ca229aa3d6\">\n.flex_column.av-1x0qf-d67e2a1a699fc22987a9c8ca229aa3d6{\nborder-radius:0px 0px 0px 0px;\npadding:0px 0px 0px 0px;\n}\n<\/style>\n<div  class='flex_column av-1x0qf-d67e2a1a699fc22987a9c8ca229aa3d6 av_one_third  avia-builder-el-27  el_after_av_one_third  el_before_av_one_third  flex_column_div av-zero-column-padding  column-top-margin'     ><div id='standorte-3003' class='pixel-standorte '>\r\n\t\t\t\t\t\t\t\t<a href='https:\/\/www.atn-ra.de\/es\/oficinas\/siegen\/'>\r\n\t\t\t\t\t\t\t\t\t<div class='image-wrapper'> <img src='https:\/\/www.atn-ra.de\/wp-content\/uploads\/atn_standorte_siegen.jpg' alt='Siegen'\/><\/div>\r\n\t\t\t\t\t\t\t\t\t<div class='content-wrapper'>\r\n\t\t\t\t\t\t\t\t\t\t<h3>Siegen<\/h3>\r\n\t\t\t\t\t\t\t\t\t\t\r\n\t\t\t\t\t\t\t\t\t\t<div class='locations-content'>\r\n\t\t\t\t\t\t\t\t\t\t\t\r\n\t\t\t\t\t\t\t\t\t\t<\/div>\r\n\t\t\t\t\t\t\t\t\t<\/div>\r\n\t\t\t\t\t\t\t\t<\/a>\r\n\t\t\t\t\t\t\t<\/div><\/div>\n<style type=\"text\/css\" data-created_by=\"avia_inline_auto\" id=\"style-css-av-1x0qf-d67e2a1a699fc22987a9c8ca229aa3d6\">\n.flex_column.av-1x0qf-d67e2a1a699fc22987a9c8ca229aa3d6{\nborder-radius:0px 0px 0px 0px;\npadding:0px 0px 0px 0px;\n}\n<\/style>\n<div  class='flex_column av-1x0qf-d67e2a1a699fc22987a9c8ca229aa3d6 av_one_third  avia-builder-el-29  el_after_av_one_third  el_before_av_one_third  flex_column_div av-zero-column-padding  column-top-margin'     ><div id='standorte-3015' class='pixel-standorte '>\r\n\t\t\t\t\t\t\t\t<a href='https:\/\/www.atn-ra.de\/es\/oficinas\/essen\/'>\r\n\t\t\t\t\t\t\t\t\t<div class='image-wrapper'> <img src='https:\/\/www.atn-ra.de\/wp-content\/uploads\/atn_standorte_essen.jpg' alt='Essen'\/><\/div>\r\n\t\t\t\t\t\t\t\t\t<div class='content-wrapper'>\r\n\t\t\t\t\t\t\t\t\t\t<h3>Essen<\/h3>\r\n\t\t\t\t\t\t\t\t\t\t\r\n\t\t\t\t\t\t\t\t\t\t<div class='locations-content'>\r\n\t\t\t\t\t\t\t\t\t\t\t\r\n\t\t\t\t\t\t\t\t\t\t<\/div>\r\n\t\t\t\t\t\t\t\t\t<\/div>\r\n\t\t\t\t\t\t\t\t<\/a>\r\n\t\t\t\t\t\t\t<\/div><\/div>\n<style type=\"text\/css\" data-created_by=\"avia_inline_auto\" id=\"style-css-av-1x0qf-738ec44cc25376b0d053725fd8cf74fc\">\n.flex_column.av-1x0qf-738ec44cc25376b0d053725fd8cf74fc{\nborder-radius:0px 0px 0px 0px;\npadding:0px 0px 0px 0px;\n}\n<\/style>\n<div  class='flex_column av-1x0qf-738ec44cc25376b0d053725fd8cf74fc av_one_third  avia-builder-el-31  el_after_av_one_third  avia-builder-el-last  first flex_column_div av-zero-column-padding  column-top-margin'     ><div id='standorte-3008' class='pixel-standorte '>\r\n\t\t\t\t\t\t\t\t<a href='https:\/\/www.atn-ra.de\/es\/oficinas\/oberhausen\/'>\r\n\t\t\t\t\t\t\t\t\t<div class='image-wrapper'> <img src='https:\/\/www.atn-ra.de\/wp-content\/uploads\/atn_standorte_oberhausen.jpg' alt='Oberhausen'\/><\/div>\r\n\t\t\t\t\t\t\t\t\t<div class='content-wrapper'>\r\n\t\t\t\t\t\t\t\t\t\t<h3>Oberhausen<\/h3>\r\n\t\t\t\t\t\t\t\t\t\t\r\n\t\t\t\t\t\t\t\t\t\t<div class='locations-content'>\r\n\t\t\t\t\t\t\t\t\t\t\t\r\n\t\t\t\t\t\t\t\t\t\t<\/div>\r\n\t\t\t\t\t\t\t\t\t<\/div>\r\n\t\t\t\t\t\t\t\t<\/a>\r\n\t\t\t\t\t\t\t<\/div><\/div>\n<\/div><\/div><\/div><!-- close content main div --><\/div><\/div><div id='after_section_3'  class='main_color av_default_container_wrap container_wrap fullsize'  ><div class='container av-section-cont-open' ><div class='template-page content  av-content-full alpha units'><div class='post-entry post-entry-type-page post-entry-2916'><div class='entry-content-wrapper clearfix'><\/p>\n<div  class='hr av-kihce4nb-64ade9e675c902d54fe366591d1d83af hr-full  avia-builder-el-33  el_after_av_section  avia-builder-el-no-sibling  hr-no-shadow'><span class='hr-inner '><span class=\"hr-inner-style\"><\/span><\/span><\/div>\n","protected":false},"excerpt":{"rendered":"","protected":false},"author":1,"featured_media":0,"parent":0,"menu_order":6,"comment_status":"closed","ping_status":"closed","template":"","meta":{"_acf_changed":false,"footnotes":""},"class_list":["post-2916","page","type-page","status-publish","hentry"],"acf":[],"yoast_head":"<!-- This site is optimized with the Yoast SEO plugin v27.2 - https:\/\/yoast.com\/product\/yoast-seo-wordpress\/ -->\n<title>Contacto - ATN Rechtsanw\u00e4lte<\/title>\n<meta name=\"robots\" content=\"index, follow, max-snippet:-1, max-image-preview:large, max-video-preview:-1\" \/>\n<link rel=\"canonical\" href=\"https:\/\/www.atn-ra.de\/es\/contacto\/\" \/>\n<meta property=\"og:locale\" content=\"es_ES\" \/>\n<meta property=\"og:type\" content=\"article\" \/>\n<meta property=\"og:title\" content=\"Contacto - ATN Rechtsanw\u00e4lte\" \/>\n<meta property=\"og:url\" content=\"https:\/\/www.atn-ra.de\/es\/contacto\/\" \/>\n<meta property=\"og:site_name\" content=\"ATN Rechtsanw\u00e4lte\" \/>\n<meta property=\"article:modified_time\" content=\"2021-06-02T11:15:35+00:00\" \/>\n<meta name=\"twitter:card\" content=\"summary_large_image\" \/>\n<meta name=\"twitter:label1\" content=\"Tiempo de lectura\" \/>\n\t<meta name=\"twitter:data1\" content=\"5 minutos\" \/>\n<script type=\"application\/ld+json\" class=\"yoast-schema-graph\">{\"@context\":\"https:\/\/schema.org\",\"@graph\":[{\"@type\":\"WebPage\",\"@id\":\"https:\/\/www.atn-ra.de\/es\/contacto\/\",\"url\":\"https:\/\/www.atn-ra.de\/es\/contacto\/\",\"name\":\"Contacto - ATN Rechtsanw\u00e4lte\",\"isPartOf\":{\"@id\":\"https:\/\/www.atn-ra.de\/es\/#website\"},\"datePublished\":\"2020-12-09T10:35:40+00:00\",\"dateModified\":\"2021-06-02T11:15:35+00:00\",\"breadcrumb\":{\"@id\":\"https:\/\/www.atn-ra.de\/es\/contacto\/#breadcrumb\"},\"inLanguage\":\"es\",\"potentialAction\":[{\"@type\":\"ReadAction\",\"target\":[\"https:\/\/www.atn-ra.de\/es\/contacto\/\"]}]},{\"@type\":\"BreadcrumbList\",\"@id\":\"https:\/\/www.atn-ra.de\/es\/contacto\/#breadcrumb\",\"itemListElement\":[{\"@type\":\"ListItem\",\"position\":1,\"name\":\"Startseite\",\"item\":\"https:\/\/www.atn-ra.de\/es\/\"},{\"@type\":\"ListItem\",\"position\":2,\"name\":\"Contacto\"}]},{\"@type\":\"WebSite\",\"@id\":\"https:\/\/www.atn-ra.de\/es\/#website\",\"url\":\"https:\/\/www.atn-ra.de\/es\/\",\"name\":\"ATN Rechtsanw\u00e4lte\",\"description\":\"Wuppertal | Solingen | Remscheid | Ratingen\",\"potentialAction\":[{\"@type\":\"SearchAction\",\"target\":{\"@type\":\"EntryPoint\",\"urlTemplate\":\"https:\/\/www.atn-ra.de\/es\/?s={search_term_string}\"},\"query-input\":{\"@type\":\"PropertyValueSpecification\",\"valueRequired\":true,\"valueName\":\"search_term_string\"}}],\"inLanguage\":\"es\"}]}<\/script>\n<!-- \/ Yoast SEO plugin. -->","yoast_head_json":{"title":"Contacto - ATN Rechtsanw\u00e4lte","robots":{"index":"index","follow":"follow","max-snippet":"max-snippet:-1","max-image-preview":"max-image-preview:large","max-video-preview":"max-video-preview:-1"},"canonical":"https:\/\/www.atn-ra.de\/es\/contacto\/","og_locale":"es_ES","og_type":"article","og_title":"Contacto - ATN Rechtsanw\u00e4lte","og_url":"https:\/\/www.atn-ra.de\/es\/contacto\/","og_site_name":"ATN Rechtsanw\u00e4lte","article_modified_time":"2021-06-02T11:15:35+00:00","twitter_card":"summary_large_image","twitter_misc":{"Tiempo de lectura":"5 minutos"},"schema":{"@context":"https:\/\/schema.org","@graph":[{"@type":"WebPage","@id":"https:\/\/www.atn-ra.de\/es\/contacto\/","url":"https:\/\/www.atn-ra.de\/es\/contacto\/","name":"Contacto - ATN Rechtsanw\u00e4lte","isPartOf":{"@id":"https:\/\/www.atn-ra.de\/es\/#website"},"datePublished":"2020-12-09T10:35:40+00:00","dateModified":"2021-06-02T11:15:35+00:00","breadcrumb":{"@id":"https:\/\/www.atn-ra.de\/es\/contacto\/#breadcrumb"},"inLanguage":"es","potentialAction":[{"@type":"ReadAction","target":["https:\/\/www.atn-ra.de\/es\/contacto\/"]}]},{"@type":"BreadcrumbList","@id":"https:\/\/www.atn-ra.de\/es\/contacto\/#breadcrumb","itemListElement":[{"@type":"ListItem","position":1,"name":"Startseite","item":"https:\/\/www.atn-ra.de\/es\/"},{"@type":"ListItem","position":2,"name":"Contacto"}]},{"@type":"WebSite","@id":"https:\/\/www.atn-ra.de\/es\/#website","url":"https:\/\/www.atn-ra.de\/es\/","name":"ATN Rechtsanw\u00e4lte","description":"Wuppertal | Solingen | Remscheid | Ratingen","potentialAction":[{"@type":"SearchAction","target":{"@type":"EntryPoint","urlTemplate":"https:\/\/www.atn-ra.de\/es\/?s={search_term_string}"},"query-input":{"@type":"PropertyValueSpecification","valueRequired":true,"valueName":"search_term_string"}}],"inLanguage":"es"}]}},"_links":{"self":[{"href":"https:\/\/www.atn-ra.de\/es\/wp-json\/wp\/v2\/pages\/2916","targetHints":{"allow":["GET"]}}],"collection":[{"href":"https:\/\/www.atn-ra.de\/es\/wp-json\/wp\/v2\/pages"}],"about":[{"href":"https:\/\/www.atn-ra.de\/es\/wp-json\/wp\/v2\/types\/page"}],"author":[{"embeddable":true,"href":"https:\/\/www.atn-ra.de\/es\/wp-json\/wp\/v2\/users\/1"}],"replies":[{"embeddable":true,"href":"https:\/\/www.atn-ra.de\/es\/wp-json\/wp\/v2\/comments?post=2916"}],"version-history":[{"count":5,"href":"https:\/\/www.atn-ra.de\/es\/wp-json\/wp\/v2\/pages\/2916\/revisions"}],"predecessor-version":[{"id":8250,"href":"https:\/\/www.atn-ra.de\/es\/wp-json\/wp\/v2\/pages\/2916\/revisions\/8250"}],"wp:attachment":[{"href":"https:\/\/www.atn-ra.de\/es\/wp-json\/wp\/v2\/media?parent=2916"}],"curies":[{"name":"wp","href":"https:\/\/api.w.org\/{rel}","templated":true}]}}